{"id":13,"date":"2024-11-17T12:51:41","date_gmt":"2024-11-17T11:51:41","guid":{"rendered":"https:\/\/www.scharfdenkerverlag.de\/shop\/impressum\/"},"modified":"2024-11-23T11:08:36","modified_gmt":"2024-11-23T10:08:36","slug":"impressum","status":"publish","type":"page","link":"https:\/\/www.scharfdenkerverlag.de\/shop\/impressum\/","title":{"rendered":"Impressum"},"content":{"rendered":"\n<p><\/p>\n\n\n\n<p><strong>Scharfdenker Verlag<\/strong><br>Gernot Scharf<br>Hellingstra\u00dfe 3<br>18057 Rostock<br><br><strong>Fon:<\/strong>\u00a0\u00a0\u00a0\u00a0 0381 127 42 582<br><strong>Mail:<\/strong>\u00a0\u00a0\u00a0 <a href=\"mailto:info@scharfdenkerverlag.de\">info@scharfdenkerverlag.de<\/a><\/p>\n\n\n\n<p><strong>Steuer Nr.:<\/strong>    079\/266\/04419<\/p>\n\n\n\n<p><strong>Umsatzsteuer ID:<\/strong>    DE 161466317<\/p>\n\n\n\n<p><strong>Haftungsausschluss<\/strong><br>Die Inhalte dieser Homepage dienen nur zur Information und sind kein Beratungs- oder&nbsp;Vertragsangebot. Die Inhalte werden regelm\u00e4\u00dfig aktualisiert und gepr\u00fcft, trotzdem kann keine&nbsp;Gew\u00e4hr auf Aktualit\u00e4t, Richtigkeit und Vollst\u00e4ndigkeit \u00fcbernommen werden. F\u00fcr Links zu externen&nbsp;Webseiten, die von dieser Homepage verlinkt sind, kann keine Haftung \u00fcbernommen werden.&nbsp;Ebenso nicht f\u00fcr die Verlinkung dieser Homepage auf Webseiten von Dritten.<\/p>\n\n\n\n<p><strong>Urheberrecht<\/strong><br>Die auf dieser Homepage erstellten Seiten unterliegen dem deutschen Urheberrecht. Die&nbsp;Vervielf\u00e4ltigung, Verbreitung, Ver\u00e4nderung der Inhalte, Texte und Bilder dieser Homepage ben\u00f6tigen&nbsp;meiner schriftlichen Zustimmung. Ich habe die Urheberrechte, soweit es sich um Inhalte handelt, die&nbsp;nicht von mir sind beachtet, sollte ich dennoch unwissentlich eine Verletzung des Urheberrechts&nbsp;begangen bitte ich um Benachrichtigung, um dies umgehend zu \u00e4ndern.<\/p>\n\n\n\n<p><strong>Design &amp; technische Umsetzung<\/strong><br>Sebastian Schmidt | <a href=\"http:\/\/www.disa-one.de\" target=\"_blank\" rel=\"noreferrer noopener\">DisaDesign<\/a><\/p>\n\n\n<div class=\"woocommerce woocommerce-gzd woocommerce-gzd-complaints-shortcode\">\n\t\t\t<h3>Alternative Streitbeilegung gem\u00e4\u00df Art. 14 Abs. 1 ODR-VO und \u00a7 36 VSBG:<\/h3>\n\t\nZur Teilnahme an einem Streitbeilegungsverfahren vor einer Verbraucherschlichtungsstelle sind wir nicht verpflichtet und nicht bereit.<\/div>\n\n\n<p><\/p>\n","protected":false},"excerpt":{"rendered":"<p>Scharfdenker VerlagGernot ScharfHellingstra\u00dfe 318057 Rostock Fon:\u00a0\u00a0\u00a0\u00a0 0381 127 42 582Mail:\u00a0\u00a0\u00a0 info@scharfdenkerverlag.de Steuer Nr.: 079\/266\/04419 Umsatzsteuer ID: DE 161466317 HaftungsausschlussDie Inhalte dieser Homepage dienen nur zur Information und sind kein Beratungs- oder&nbsp;Vertragsangebot. Die Inhalte werden regelm\u00e4\u00dfig aktualisiert und gepr\u00fcft, trotzdem kann keine&nbsp;Gew\u00e4hr auf Aktualit\u00e4t, Richtigkeit und Vollst\u00e4ndigkeit \u00fcbernommen werden. F\u00fcr Links zu externen&nbsp;Webseiten, die von dieser&hellip;&nbsp;<a href=\"https:\/\/www.scharfdenkerverlag.de\/shop\/impressum\/\" class=\"\" rel=\"bookmark\">Weiterlesen &raquo;<span class=\"screen-reader-text\">Impressum<\/span><\/a><\/p>\n","protected":false},"author":1,"featured_media":0,"parent":0,"menu_order":0,"comment_status":"closed","ping_status":"closed","template":"","meta":{"neve_meta_sidebar":"","neve_meta_container":"","neve_meta_enable_content_width":"","neve_meta_content_width":0,"neve_meta_title_alignment":"","neve_meta_author_avatar":"","neve_post_elements_order":"","neve_meta_disable_header":"","neve_meta_disable_footer":"","neve_meta_disable_title":"","footnotes":""},"class_list":["post-13","page","type-page","status-publish","hentry"],"_links":{"self":[{"href":"https:\/\/www.scharfdenkerverlag.de\/shop\/wp-json\/wp\/v2\/pages\/13","targetHints":{"allow":["GET"]}}],"collection":[{"href":"https:\/\/www.scharfdenkerverlag.de\/shop\/wp-json\/wp\/v2\/pages"}],"about":[{"href":"https:\/\/www.scharfdenkerverlag.de\/shop\/wp-json\/wp\/v2\/types\/page"}],"author":[{"embeddable":true,"href":"https:\/\/www.scharfdenkerverlag.de\/shop\/wp-json\/wp\/v2\/users\/1"}],"replies":[{"embeddable":true,"href":"https:\/\/www.scharfdenkerverlag.de\/shop\/wp-json\/wp\/v2\/comments?post=13"}],"version-history":[{"count":5,"href":"https:\/\/www.scharfdenkerverlag.de\/shop\/wp-json\/wp\/v2\/pages\/13\/revisions"}],"predecessor-version":[{"id":152,"href":"https:\/\/www.scharfdenkerverlag.de\/shop\/wp-json\/wp\/v2\/pages\/13\/revisions\/152"}],"wp:attachment":[{"href":"https:\/\/www.scharfdenkerverlag.de\/shop\/wp-json\/wp\/v2\/media?parent=13"}],"curies":[{"name":"wp","href":"https:\/\/api.w.org\/{rel}","templated":true}]}}